{"id":112,"date":"2021-09-29T07:48:55","date_gmt":"2021-09-29T07:48:55","guid":{"rendered":"https:\/\/aevus-bi.com\/?page_id=112"},"modified":"2025-01-08T14:30:32","modified_gmt":"2025-01-08T14:30:32","slug":"smart-building","status":"publish","type":"page","link":"https:\/\/aevus-bi.com\/en\/smart-building\/","title":{"rendered":"Smart Building"},"content":{"rendered":"<p>[et_pb_section fb_built=&#8221;1&#8243; _builder_version=&#8221;4.22.1&#8243; _module_preset=&#8221;default&#8221; use_background_color_gradient=&#8221;on&#8221; background_color_gradient_direction=&#8221;115deg&#8221; background_color_gradient_stops=&#8221;#4b0082 0%|rgba(86, 15, 137, 0.94) 0%|rgba(255,255,255,0) 51%&#8221; background_color_gradient_overlays_image=&#8221;on&#8221; background_image=&#8221;https:\/\/aevus-bi.com\/wp-content\/uploads\/2024\/01\/DTwin-scaled.jpg&#8221; bottom_divider_height=&#8221;50px&#8221; hover_enabled=&#8221;0&#8243; box_shadow_style=&#8221;preset3&#8243; box_shadow_blur=&#8221;30px&#8221; global_colors_info=&#8221;{}&#8221; parallax=&#8221;on&#8221; parallax_method=&#8221;off&#8221; sticky_enabled=&#8221;0&#8243;][et_pb_row column_structure=&#8221;1_2,1_2&#8243; _builder_version=&#8221;4.16&#8243; _module_preset=&#8221;default&#8221; width=&#8221;90%&#8221; custom_margin=&#8221;50px||50px||false|false&#8221; global_colors_info=&#8221;{}&#8221;][et_pb_column type=&#8221;1_2&#8243; _builder_version=&#8221;4.16&#8243; _module_preset=&#8221;default&#8221; global_colors_info=&#8221;{}&#8221;][et_pb_text _builder_version=&#8221;4.16&#8243; _module_preset=&#8221;default&#8221; header_font=&#8221;|600|||||||&#8221; header_text_color=&#8221;#FFFFFF&#8221; max_width=&#8221;550px&#8221; global_colors_info=&#8221;{}&#8221;]<\/p>\n<h1>Smart Building<\/h1>\n<p>[\/et_pb_text][et_pb_text _builder_version=&#8221;4.16&#8243; _module_preset=&#8221;default&#8221; text_text_color=&#8221;#FFFFFF&#8221; max_width=&#8221;450px&#8221; global_colors_info=&#8221;{}&#8221;]<\/p>\n<p>Driven by passion and the latest technologies, we bring buildings to life.<\/p>\n<p>[\/et_pb_text][et_pb_button button_url=&#8221;@ET-DC@eyJkeW5hbWljIjp0cnVlLCJjb250ZW50IjoicG9zdF9saW5rX3VybF9wYWdlIiwic2V0dGluZ3MiOnsicG9zdF9pZCI6IjIxOSJ9fQ==@&#8221; button_text=&#8221;Offerte aanvragen&#8221; _builder_version=&#8221;4.22.1&#8243; _dynamic_attributes=&#8221;button_url&#8221; _module_preset=&#8221;default&#8221; custom_button=&#8221;on&#8221; button_text_color=&#8221;#f22275&#8243; button_border_color=&#8221;#f22275&#8243; button_border_radius=&#8221;50px&#8221; global_colors_info=&#8221;{}&#8221;][\/et_pb_button][\/et_pb_column][et_pb_column type=&#8221;1_2&#8243; _builder_version=&#8221;4.16&#8243; _module_preset=&#8221;default&#8221; global_colors_info=&#8221;{}&#8221;][\/et_pb_column][\/et_pb_row][\/et_pb_section][et_pb_section fb_built=&#8221;1&#8243; _builder_version=&#8221;4.22.1&#8243; _module_preset=&#8221;default&#8221; background_color=&#8221;#2968A0&#8243; use_background_color_gradient=&#8221;on&#8221; background_color_gradient_direction=&#8221;90deg&#8221; background_color_gradient_stops=&#8221;#297ffe 0%|#1e3ecf 25%|#4b0082 55%&#8221; background_color_gradient_start=&#8221;rgba(37,51,74,0.5)&#8221; background_color_gradient_end=&#8221;#2968a0&#8243; global_colors_info=&#8221;{}&#8221;][et_pb_row column_structure=&#8221;1_2,1_2&#8243; _builder_version=&#8221;4.16&#8243; _module_preset=&#8221;default&#8221; width=&#8221;90%&#8221; custom_padding=&#8221;||||false|false&#8221; global_colors_info=&#8221;{}&#8221;][et_pb_column type=&#8221;1_2&#8243; _builder_version=&#8221;4.16&#8243; _module_preset=&#8221;default&#8221; global_colors_info=&#8221;{}&#8221;][et_pb_text _builder_version=&#8221;4.22.1&#8243; _module_preset=&#8221;default&#8221; custom_margin=&#8221;||16px|||&#8221; global_colors_info=&#8221;{}&#8221;]<\/p>\n<h2><span style=\"color: #ffffff;\">Aevus<\/span> Smart Building<\/h2>\n<p>[\/et_pb_text][\/et_pb_column][et_pb_column type=&#8221;1_2&#8243; _builder_version=&#8221;4.16&#8243; _module_preset=&#8221;default&#8221; global_colors_info=&#8221;{}&#8221;][et_pb_text _builder_version=&#8221;4.22.1&#8243; _module_preset=&#8221;default&#8221; text_text_color=&#8221;#FFFFFF&#8221; global_colors_info=&#8221;{}&#8221;]<\/p>\n<p>Discover the groundbreaking world of Smart Buildings with Aevus. We are pioneers in integrating advanced technologies such as Digital Twins, the Internet of Things (IoT), and intelligent automation systems. With our expertise, we create not only sustainable and efficient buildings but also an intelligent ecosystem that seamlessly responds to user needs. Explore the possibilities of Smart Buildings and see how Aevus combines innovation and sustainability for the buildings of tomorrow.<\/p>\n<p>[\/et_pb_text][\/et_pb_column][\/et_pb_row][\/et_pb_section][et_pb_section fb_built=&#8221;1&#8243; _builder_version=&#8221;4.22.1&#8243; _module_preset=&#8221;default&#8221; background_enable_color=&#8221;off&#8221; use_background_color_gradient=&#8221;on&#8221; background_color_gradient_direction=&#8221;90deg&#8221; background_color_gradient_stops=&#8221;rgba(0,51,102,0.39) 0%|rgba(75,0,130,0.61) 100%&#8221; background_color_gradient_overlays_image=&#8221;on&#8221; background_color_gradient_start=&#8221;rgba(37,51,74,0.87)&#8221; background_color_gradient_end=&#8221;rgba(41,104,160,0.87)&#8221; background_image=&#8221;https:\/\/aevus-bi.com\/wp-content\/uploads\/2024\/01\/Het-systeem-scaled.jpg&#8221; hover_enabled=&#8221;0&#8243; box_shadow_style=&#8221;preset1&#8243; box_shadow_blur=&#8221;48px&#8221; box_shadow_spread=&#8221;11px&#8221; global_colors_info=&#8221;{}&#8221; parallax=&#8221;on&#8221; parallax_method=&#8221;off&#8221; sticky_enabled=&#8221;0&#8243;][et_pb_row _builder_version=&#8221;4.16&#8243; _module_preset=&#8221;default&#8221; width=&#8221;90%&#8221; custom_margin=&#8221;||||false|false&#8221; custom_padding=&#8221;||1px||false|false&#8221; global_colors_info=&#8221;{}&#8221;][et_pb_column type=&#8221;4_4&#8243; _builder_version=&#8221;4.16&#8243; _module_preset=&#8221;default&#8221; global_colors_info=&#8221;{}&#8221;][et_pb_text _builder_version=&#8221;4.16&#8243; _module_preset=&#8221;default&#8221; custom_margin=&#8221;||16px|||&#8221; global_colors_info=&#8221;{}&#8221;]<\/p>\n<h2>The system<\/h2>\n<p>[\/et_pb_text][\/et_pb_column][\/et_pb_row][et_pb_row column_structure=&#8221;1_3,1_3,1_3&#8243; _builder_version=&#8221;4.16&#8243; _module_preset=&#8221;default&#8221; width=&#8221;90%&#8221; global_colors_info=&#8221;{}&#8221;][et_pb_column type=&#8221;1_3&#8243; _builder_version=&#8221;4.16&#8243; _module_preset=&#8221;default&#8221; background_enable_color=&#8221;off&#8221; background_color_gradient_direction=&#8221;90deg&#8221; custom_padding=&#8221;30px|30px|30px|30px|false|false&#8221; global_colors_info=&#8221;{}&#8221;][et_pb_image src=&#8221;http:\/\/aevus-bi.com\/wp-content\/uploads\/2021\/10\/Group-14-1.svg&#8221; title_text=&#8221;Group 14&#8243; _builder_version=&#8221;4.16&#8243; _module_preset=&#8221;default&#8221; max_width=&#8221;60px&#8221; global_colors_info=&#8221;{}&#8221;][\/et_pb_image][et_pb_text _builder_version=&#8221;4.22.1&#8243; _module_preset=&#8221;default&#8221; text_text_color=&#8221;rgba(255,255,255,0.75)&#8221; text_font_size=&#8221;16px&#8221; header_3_text_color=&#8221;#FFFFFF&#8221; custom_padding=&#8221;||0px|||&#8221; global_colors_info=&#8221;{}&#8221;]<\/p>\n<h3>Control<\/h3>\n<p style=\"text-align: left;\"><span style=\"color: #ffffff;\">Our sensors control every system in your building using Modbus or 0-10V signals. This way, you only use the systems when needed, based on real-time data.\u00a0<\/span><\/p>\n<p>[\/et_pb_text][\/et_pb_column][et_pb_column type=&#8221;1_3&#8243; _builder_version=&#8221;4.16&#8243; _module_preset=&#8221;default&#8221; background_enable_color=&#8221;off&#8221; background_color_gradient_direction=&#8221;90deg&#8221; custom_padding=&#8221;30px|30px|30px|30px|false|false&#8221; global_colors_info=&#8221;{}&#8221;][et_pb_image src=&#8221;http:\/\/aevus-bi.com\/wp-content\/uploads\/2021\/10\/Group-15-1.svg&#8221; title_text=&#8221;Group 15&#8243; _builder_version=&#8221;4.16&#8243; _module_preset=&#8221;default&#8221; max_width=&#8221;60px&#8221; global_colors_info=&#8221;{}&#8221;][\/et_pb_image][et_pb_text _builder_version=&#8221;4.22.1&#8243; _module_preset=&#8221;default&#8221; text_text_color=&#8221;rgba(255,255,255,0.75)&#8221; text_font_size=&#8221;16px&#8221; header_3_text_color=&#8221;#FFFFFF&#8221; global_colors_info=&#8221;{}&#8221;]<\/p>\n<h3>Manage<\/h3>\n<p><span style=\"color: #ffffff;\">Aevus BI features a comprehensive application suite for the operation and monitoring of all types of installations and systems, from small and simple to very large and complex.<\/span><\/p>\n<p>[\/et_pb_text][\/et_pb_column][et_pb_column type=&#8221;1_3&#8243; _builder_version=&#8221;4.16&#8243; _module_preset=&#8221;default&#8221; background_enable_color=&#8221;off&#8221; background_color_gradient_direction=&#8221;90deg&#8221; custom_padding=&#8221;30px|30px|30px|30px|false|false&#8221; global_colors_info=&#8221;{}&#8221;][et_pb_image src=&#8221;http:\/\/aevus-bi.com\/wp-content\/uploads\/2021\/10\/Group-16-1.svg&#8221; title_text=&#8221;Group 16&#8243; _builder_version=&#8221;4.16&#8243; _module_preset=&#8221;default&#8221; max_width=&#8221;60px&#8221; global_colors_info=&#8221;{}&#8221;][\/et_pb_image][et_pb_text _builder_version=&#8221;4.22.1&#8243; _module_preset=&#8221;default&#8221; text_text_color=&#8221;rgba(255,255,255,0.75)&#8221; text_font_size=&#8221;16px&#8221; header_3_text_color=&#8221;#FFFFFF&#8221; custom_padding=&#8221;2px|||||&#8221; global_colors_info=&#8221;{}&#8221;]<\/p>\n<h3>Analyse<\/h3>\n<p><span style=\"color: #ffffff;\">With our own back office, all measured data is within reach. Thanks to the intelligent environment, you can access any information from your building whenever you need it. Anywhere, anytime.<\/span><\/p>\n<p>[\/et_pb_text][\/et_pb_column][\/et_pb_row][et_pb_row column_structure=&#8221;1_3,1_3,1_3&#8243; make_equal=&#8221;on&#8221; _builder_version=&#8221;4.16&#8243; _module_preset=&#8221;default&#8221; width=&#8221;90%&#8221; min_height=&#8221;280.5px&#8221; custom_padding=&#8221;3px|||||&#8221; global_colors_info=&#8221;{}&#8221;][et_pb_column type=&#8221;1_3&#8243; _builder_version=&#8221;4.16&#8243; _module_preset=&#8221;default&#8221; background_enable_color=&#8221;off&#8221; background_color_gradient_direction=&#8221;90deg&#8221; custom_padding=&#8221;30px|30px|30px|30px|false|false&#8221; global_colors_info=&#8221;{}&#8221;][et_pb_image src=&#8221;http:\/\/aevus-bi.com\/wp-content\/uploads\/2021\/10\/Group-18.svg&#8221; title_text=&#8221;Group 18&#8243; _builder_version=&#8221;4.16&#8243; _module_preset=&#8221;default&#8221; max_width=&#8221;60px&#8221; global_colors_info=&#8221;{}&#8221;][\/et_pb_image][et_pb_text _builder_version=&#8221;4.22.1&#8243; _module_preset=&#8221;default&#8221; text_text_color=&#8221;rgba(255,255,255,0.75)&#8221; text_font_size=&#8221;16px&#8221; header_3_text_color=&#8221;#FFFFFF&#8221; global_colors_info=&#8221;{}&#8221;]<\/p>\n<h3>Connect<\/h3>\n<p><span style=\"color: #ffffff;\">The Aevus BI application is tailored for every user in your building. Building owners, management, and occupants see what matters most to them. On a computer, phone, or tablet.<\/span><\/p>\n<p>[\/et_pb_text][\/et_pb_column][et_pb_column type=&#8221;1_3&#8243; _builder_version=&#8221;4.16&#8243; _module_preset=&#8221;default&#8221; background_enable_color=&#8221;off&#8221; background_color_gradient_direction=&#8221;90deg&#8221; custom_padding=&#8221;30px|30px|30px|30px|false|false&#8221; global_colors_info=&#8221;{}&#8221;][et_pb_image src=&#8221;http:\/\/aevus-bi.com\/wp-content\/uploads\/2021\/10\/Group-19.svg&#8221; title_text=&#8221;Group 19&#8243; _builder_version=&#8221;4.16&#8243; _module_preset=&#8221;default&#8221; max_width=&#8221;60px&#8221; global_colors_info=&#8221;{}&#8221;][\/et_pb_image][et_pb_text _builder_version=&#8221;4.22.1&#8243; _module_preset=&#8221;default&#8221; text_text_color=&#8221;rgba(255,255,255,0.75)&#8221; text_font_size=&#8221;16px&#8221; header_3_text_color=&#8221;#FFFFFF&#8221; global_colors_info=&#8221;{}&#8221;]<\/p>\n<h3>Visualise<\/h3>\n<p><span style=\"color: #ffffff;\">With our Digital Twin 3D BIM model, you can instantly see the status of your building. Whether it\u2019s energy consumption, climate forecasts, or space utilization, everything is clearly visible.<\/span><\/p>\n<p>[\/et_pb_text][\/et_pb_column][et_pb_column type=&#8221;1_3&#8243; _builder_version=&#8221;4.16&#8243; _module_preset=&#8221;default&#8221; background_enable_color=&#8221;off&#8221; background_color_gradient_direction=&#8221;90deg&#8221; custom_padding=&#8221;30px|30px|30px|30px|false|false&#8221; global_colors_info=&#8221;{}&#8221;][et_pb_image src=&#8221;http:\/\/aevus-bi.com\/wp-content\/uploads\/2021\/10\/Group-21.svg&#8221; title_text=&#8221;Group 21&#8243; _builder_version=&#8221;4.16&#8243; _module_preset=&#8221;default&#8221; max_width=&#8221;60px&#8221; global_colors_info=&#8221;{}&#8221;][\/et_pb_image][et_pb_text _builder_version=&#8221;4.22.1&#8243; _module_preset=&#8221;default&#8221; text_text_color=&#8221;rgba(255,255,255,0.75)&#8221; text_font_size=&#8221;16px&#8221; header_3_text_color=&#8221;#FFFFFF&#8221; global_colors_info=&#8221;{}&#8221;]<\/p>\n<h3>Integrate<\/h3>\n<p><span style=\"color: #ffffff;\">Our sensors connect directly, as well as with well-known management protocols such as KNX, BACnet, and Modbus. Through our intelligent sensors, we collect and centralize data from various sources.<\/span><\/p>\n<p>[\/et_pb_text][\/et_pb_column][\/et_pb_row][\/et_pb_section][et_pb_section fb_built=&#8221;1&#8243; _builder_version=&#8221;4.22.1&#8243; _module_preset=&#8221;default&#8221; background_color=&#8221;#2968A0&#8243; use_background_color_gradient=&#8221;on&#8221; background_color_gradient_direction=&#8221;90deg&#8221; background_color_gradient_stops=&#8221;#4b0082 39%|#1e3ecf 77%|#297ffe 100%&#8221; background_color_gradient_start=&#8221;rgba(37,51,74,0.5)&#8221; background_color_gradient_end=&#8221;#2968a0&#8243; global_colors_info=&#8221;{}&#8221;][et_pb_row column_structure=&#8221;1_2,1_2&#8243; make_equal=&#8221;on&#8221; _builder_version=&#8221;4.16&#8243; _module_preset=&#8221;default&#8221; width=&#8221;90%&#8221; custom_padding=&#8221;||||false|false&#8221; custom_css_main_element=&#8221;align-items: center&#8221; global_colors_info=&#8221;{}&#8221;][et_pb_column type=&#8221;1_2&#8243; _builder_version=&#8221;4.16&#8243; _module_preset=&#8221;default&#8221; global_colors_info=&#8221;{}&#8221;][et_pb_text _builder_version=&#8221;4.16&#8243; _module_preset=&#8221;default&#8221; header_2_line_height=&#8221;1.2em&#8221; custom_margin=&#8221;||16px|||&#8221; global_colors_info=&#8221;{}&#8221;]<\/p>\n<h2>3D Digital <span>T<\/span>win <span>&#8211; BIM <\/span><br \/><span style=\"color: #449ccf;\">(Building Information Model)<\/span><\/h2>\n<p>[\/et_pb_text][et_pb_text _builder_version=&#8221;4.16&#8243; _module_preset=&#8221;default&#8221; text_text_color=&#8221;#FFFFFF&#8221; global_colors_info=&#8221;{}&#8221;]<\/p>\n<p>View all information at a glance in our 3D Digital Twin <span>T<\/span>win<span> &#8211;<\/span> BIM model. All sensors send real-time data to our external cloud and are visualized in the <span>3D <\/span>Model.<\/p>\n<p>[\/et_pb_text][\/et_pb_column][et_pb_column type=&#8221;1_2&#8243; _builder_version=&#8221;4.16&#8243; _module_preset=&#8221;default&#8221; global_colors_info=&#8221;{}&#8221;][et_pb_video src=&#8221;http:\/\/aevus-bi.com\/wp-content\/uploads\/2021\/10\/Aevus-3d-BIM-video.mp4&#8243; image_src=&#8221;http:\/\/aevus-bi.com\/wp-content\/uploads\/2021\/10\/Videobackground1.jpg&#8221; play_icon_color=&#8221;#FF5D58&#8243; use_icon_font_size=&#8221;on&#8221; icon_font_size=&#8221;80px&#8221; thumbnail_overlay_color=&#8221;rgba(41,104,160,0.4)&#8221; _builder_version=&#8221;4.16&#8243; _module_preset=&#8221;default&#8221; hover_transition_duration=&#8221;100ms&#8221; global_colors_info=&#8221;{}&#8221;][\/et_pb_video][\/et_pb_column][\/et_pb_row][\/et_pb_section][et_pb_section fb_built=&#8221;1&#8243; _builder_version=&#8221;4.22.1&#8243; _module_preset=&#8221;default&#8221; background_color=&#8221;#449CCF&#8221; use_background_color_gradient=&#8221;on&#8221; background_color_gradient_direction=&#8221;90deg&#8221; background_color_gradient_stops=&#8221;rgba(75,0,130,0.52) 0%|rgba(30,62,207,0.46) 100%&#8221; background_color_gradient_overlays_image=&#8221;on&#8221; background_color_gradient_start=&#8221;rgba(41,104,160,0.85)&#8221; background_color_gradient_end=&#8221;rgba(68,156,207,0.81)&#8221; background_image=&#8221;https:\/\/aevus-bi.com\/wp-content\/uploads\/2024\/01\/Contact-min-scaled.jpg&#8221; custom_padding=&#8221;||31px|||&#8221; hover_enabled=&#8221;0&#8243; box_shadow_style=&#8221;preset1&#8243; global_colors_info=&#8221;{}&#8221; parallax=&#8221;on&#8221; parallax_method=&#8221;off&#8221; sticky_enabled=&#8221;0&#8243;][et_pb_row _builder_version=&#8221;4.22.1&#8243; _module_preset=&#8221;default&#8221; global_colors_info=&#8221;{}&#8221;][et_pb_column type=&#8221;4_4&#8243; _builder_version=&#8221;4.22.1&#8243; _module_preset=&#8221;default&#8221; global_colors_info=&#8221;{}&#8221;][et_pb_cta title=&#8221;Benieuwd hoe Aevus BI uw gebouw slimmer kan maken? &#8221; button_url=&#8221;http:\/\/Aevus-bi.com\/contact&#8221; button_text=&#8221;Contact&#8221; _builder_version=&#8221;4.22.1&#8243; _module_preset=&#8221;default&#8221; background_enable_color=&#8221;off&#8221; custom_button=&#8221;on&#8221; button_text_color=&#8221;#ff8783&#8243; button_bg_color=&#8221;RGBA(255,255,255,0)&#8221; custom_padding=&#8221;||2px|||&#8221; global_colors_info=&#8221;{}&#8221;]<\/p>\n<p>Contact us and discover the possibilities for your Smart Building transformation!<\/p>\n<p>[\/et_pb_cta][\/et_pb_column][\/et_pb_row][\/et_pb_section]<\/p>","protected":false},"excerpt":{"rendered":"<p>Smart BuildingGedreven door passie en de nieuwste technologie\u00ebn brengen wij gebouwen tot leven.Aevus Smart BuildingOntdek de grensverleggende wereld van Smart Buildings bij Aevus. Wij zijn pioniers in het integreren van geavanceerde technologie\u00ebn zoals Digital Twins, Internet of Things (IoT), en slimme automatiseringssystemen. Met onze expertise cre\u00ebren we niet alleen duurzame en effici\u00ebnte gebouwen, maar ook [&hellip;]<\/p>","protected":false},"author":1,"featured_media":0,"parent":0,"menu_order":0,"comment_status":"closed","ping_status":"closed","template":"","meta":{"_et_pb_use_builder":"on","_et_pb_old_content":"","_et_gb_content_width":"","inline_featured_image":false,"_mi_skip_tracking":false,"_monsterinsights_sitenote_active":false,"_monsterinsights_sitenote_note":"","_monsterinsights_sitenote_category":0,"footnotes":""},"class_list":["post-112","page","type-page","status-publish","hentry"],"yoast_head":"<!-- This site is optimized with the Yoast SEO plugin v27.4 - https:\/\/yoast.com\/product\/yoast-seo-wordpress\/ -->\n<title>Smart Building &#8211; Aevus<\/title>\n<meta name=\"description\" content=\"Smart Building gecombineerd met een overzichtelijk gebouwbeheersysteem. Zo cre\u00ebert Aevus een duurzame toekomst.\" \/>\n<meta name=\"robots\" content=\"index, follow, max-snippet:-1, max-image-preview:large, max-video-preview:-1\" \/>\n<link rel=\"canonical\" href=\"https:\/\/aevus-bi.com\/en\/smart-building\/\" \/>\n<meta property=\"og:locale\" content=\"en_GB\" \/>\n<meta property=\"og:type\" content=\"article\" \/>\n<meta property=\"og:title\" content=\"Smart Building &#8211; Aevus\" \/>\n<meta property=\"og:description\" content=\"Smart Building gecombineerd met een overzichtelijk gebouwbeheersysteem. Zo cre\u00ebert Aevus een duurzame toekomst.\" \/>\n<meta property=\"og:url\" content=\"https:\/\/aevus-bi.com\/en\/smart-building\/\" \/>\n<meta property=\"og:site_name\" content=\"Aevus\" \/>\n<meta property=\"article:modified_time\" content=\"2025-01-08T14:30:32+00:00\" \/>\n<meta name=\"twitter:card\" content=\"summary_large_image\" \/>\n<meta name=\"twitter:label1\" content=\"Estimated reading time\" \/>\n\t<meta name=\"twitter:data1\" content=\"4 minutes\" \/>\n<script type=\"application\/ld+json\" class=\"yoast-schema-graph\">{\"@context\":\"https:\\\/\\\/schema.org\",\"@graph\":[{\"@type\":\"WebPage\",\"@id\":\"https:\\\/\\\/aevus-bi.com\\\/smart-building\\\/\",\"url\":\"https:\\\/\\\/aevus-bi.com\\\/smart-building\\\/\",\"name\":\"Smart Building &#8211; Aevus\",\"isPartOf\":{\"@id\":\"https:\\\/\\\/aevus-bi.com\\\/#website\"},\"datePublished\":\"2021-09-29T07:48:55+00:00\",\"dateModified\":\"2025-01-08T14:30:32+00:00\",\"description\":\"Smart Building gecombineerd met een overzichtelijk gebouwbeheersysteem. Zo cre\u00ebert Aevus een duurzame toekomst.\",\"breadcrumb\":{\"@id\":\"https:\\\/\\\/aevus-bi.com\\\/smart-building\\\/#breadcrumb\"},\"inLanguage\":\"en-GB\",\"potentialAction\":[{\"@type\":\"ReadAction\",\"target\":[\"https:\\\/\\\/aevus-bi.com\\\/smart-building\\\/\"]}]},{\"@type\":\"BreadcrumbList\",\"@id\":\"https:\\\/\\\/aevus-bi.com\\\/smart-building\\\/#breadcrumb\",\"itemListElement\":[{\"@type\":\"ListItem\",\"position\":1,\"name\":\"Home\",\"item\":\"https:\\\/\\\/aevus-bi.com\\\/\"},{\"@type\":\"ListItem\",\"position\":2,\"name\":\"Smart Building\"}]},{\"@type\":\"WebSite\",\"@id\":\"https:\\\/\\\/aevus-bi.com\\\/#website\",\"url\":\"https:\\\/\\\/aevus-bi.com\\\/\",\"name\":\"Aevus Building Intelligence\",\"description\":\"Maak gebouwen slim\",\"publisher\":{\"@id\":\"https:\\\/\\\/aevus-bi.com\\\/#organization\"},\"alternateName\":\"Aevus\",\"potentialAction\":[{\"@type\":\"SearchAction\",\"target\":{\"@type\":\"EntryPoint\",\"urlTemplate\":\"https:\\\/\\\/aevus-bi.com\\\/?s={search_term_string}\"},\"query-input\":{\"@type\":\"PropertyValueSpecification\",\"valueRequired\":true,\"valueName\":\"search_term_string\"}}],\"inLanguage\":\"en-GB\"},{\"@type\":\"Organization\",\"@id\":\"https:\\\/\\\/aevus-bi.com\\\/#organization\",\"name\":\"Aevus Building Intelligence\",\"alternateName\":\"Aevus\",\"url\":\"https:\\\/\\\/aevus-bi.com\\\/\",\"logo\":{\"@type\":\"ImageObject\",\"inLanguage\":\"en-GB\",\"@id\":\"https:\\\/\\\/aevus-bi.com\\\/#\\\/schema\\\/logo\\\/image\\\/\",\"url\":\"https:\\\/\\\/aevus-bi.com\\\/wp-content\\\/uploads\\\/2021\\\/10\\\/aevusartikel.jpg\",\"contentUrl\":\"https:\\\/\\\/aevus-bi.com\\\/wp-content\\\/uploads\\\/2021\\\/10\\\/aevusartikel.jpg\",\"width\":1000,\"height\":650,\"caption\":\"Aevus Building Intelligence\"},\"image\":{\"@id\":\"https:\\\/\\\/aevus-bi.com\\\/#\\\/schema\\\/logo\\\/image\\\/\"},\"sameAs\":[\"https:\\\/\\\/www.linkedin.com\\\/company\\\/aevus-bi\"]}]}<\/script>\n<!-- \/ Yoast SEO plugin. -->","yoast_head_json":{"title":"Smart Building &#8211; Aevus","description":"Smart Building gecombineerd met een overzichtelijk gebouwbeheersysteem. Zo cre\u00ebert Aevus een duurzame toekomst.","robots":{"index":"index","follow":"follow","max-snippet":"max-snippet:-1","max-image-preview":"max-image-preview:large","max-video-preview":"max-video-preview:-1"},"canonical":"https:\/\/aevus-bi.com\/en\/smart-building\/","og_locale":"en_GB","og_type":"article","og_title":"Smart Building &#8211; Aevus","og_description":"Smart Building gecombineerd met een overzichtelijk gebouwbeheersysteem. Zo cre\u00ebert Aevus een duurzame toekomst.","og_url":"https:\/\/aevus-bi.com\/en\/smart-building\/","og_site_name":"Aevus","article_modified_time":"2025-01-08T14:30:32+00:00","twitter_card":"summary_large_image","twitter_misc":{"Estimated reading time":"4 minutes"},"schema":{"@context":"https:\/\/schema.org","@graph":[{"@type":"WebPage","@id":"https:\/\/aevus-bi.com\/smart-building\/","url":"https:\/\/aevus-bi.com\/smart-building\/","name":"Smart Building &#8211; Aevus","isPartOf":{"@id":"https:\/\/aevus-bi.com\/#website"},"datePublished":"2021-09-29T07:48:55+00:00","dateModified":"2025-01-08T14:30:32+00:00","description":"Smart Building gecombineerd met een overzichtelijk gebouwbeheersysteem. Zo cre\u00ebert Aevus een duurzame toekomst.","breadcrumb":{"@id":"https:\/\/aevus-bi.com\/smart-building\/#breadcrumb"},"inLanguage":"en-GB","potentialAction":[{"@type":"ReadAction","target":["https:\/\/aevus-bi.com\/smart-building\/"]}]},{"@type":"BreadcrumbList","@id":"https:\/\/aevus-bi.com\/smart-building\/#breadcrumb","itemListElement":[{"@type":"ListItem","position":1,"name":"Home","item":"https:\/\/aevus-bi.com\/"},{"@type":"ListItem","position":2,"name":"Smart Building"}]},{"@type":"WebSite","@id":"https:\/\/aevus-bi.com\/#website","url":"https:\/\/aevus-bi.com\/","name":"Aevus Building Intelligence","description":"Maak gebouwen slim","publisher":{"@id":"https:\/\/aevus-bi.com\/#organization"},"alternateName":"Aevus","potentialAction":[{"@type":"SearchAction","target":{"@type":"EntryPoint","urlTemplate":"https:\/\/aevus-bi.com\/?s={search_term_string}"},"query-input":{"@type":"PropertyValueSpecification","valueRequired":true,"valueName":"search_term_string"}}],"inLanguage":"en-GB"},{"@type":"Organization","@id":"https:\/\/aevus-bi.com\/#organization","name":"Aevus Building Intelligence","alternateName":"Aevus","url":"https:\/\/aevus-bi.com\/","logo":{"@type":"ImageObject","inLanguage":"en-GB","@id":"https:\/\/aevus-bi.com\/#\/schema\/logo\/image\/","url":"https:\/\/aevus-bi.com\/wp-content\/uploads\/2021\/10\/aevusartikel.jpg","contentUrl":"https:\/\/aevus-bi.com\/wp-content\/uploads\/2021\/10\/aevusartikel.jpg","width":1000,"height":650,"caption":"Aevus Building Intelligence"},"image":{"@id":"https:\/\/aevus-bi.com\/#\/schema\/logo\/image\/"},"sameAs":["https:\/\/www.linkedin.com\/company\/aevus-bi"]}]}},"_links":{"self":[{"href":"https:\/\/aevus-bi.com\/en\/wp-json\/wp\/v2\/pages\/112","targetHints":{"allow":["GET"]}}],"collection":[{"href":"https:\/\/aevus-bi.com\/en\/wp-json\/wp\/v2\/pages"}],"about":[{"href":"https:\/\/aevus-bi.com\/en\/wp-json\/wp\/v2\/types\/page"}],"author":[{"embeddable":true,"href":"https:\/\/aevus-bi.com\/en\/wp-json\/wp\/v2\/users\/1"}],"replies":[{"embeddable":true,"href":"https:\/\/aevus-bi.com\/en\/wp-json\/wp\/v2\/comments?post=112"}],"version-history":[{"count":10,"href":"https:\/\/aevus-bi.com\/en\/wp-json\/wp\/v2\/pages\/112\/revisions"}],"predecessor-version":[{"id":870,"href":"https:\/\/aevus-bi.com\/en\/wp-json\/wp\/v2\/pages\/112\/revisions\/870"}],"wp:attachment":[{"href":"https:\/\/aevus-bi.com\/en\/wp-json\/wp\/v2\/media?parent=112"}],"curies":[{"name":"wp","href":"https:\/\/api.w.org\/{rel}","templated":true}]}}